{"id":171376,"date":"2023-03-28T06:23:27","date_gmt":"2023-03-27T22:23:27","guid":{"rendered":"https:\/\/www.hollyland.com\/sobre-a-hollyland"},"modified":"2024-12-28T16:38:16","modified_gmt":"2024-12-28T08:38:16","slug":"sobre-a-hollyland","status":"publish","type":"page","link":"https:\/\/www.hollyland.com\/pt-br\/about","title":{"rendered":"Sobre a Hollyland"},"content":{"rendered":"\n<link rel=\"stylesheet\" href=\"https:\/\/hollyland.oss-us-east-1.aliyuncs.com\/official-website\/v2\/aboutus\/aboutus-v2.css\"\/>\r\n<script defer=\"defer\" src=\"https:\/\/cdnjs.cloudflare.com\/ajax\/libs\/gsap\/3.11.5\/gsap.min.js\"><\/script>\r\n<script defer=\"defer\" src=\"https:\/\/cdnjs.cloudflare.com\/ajax\/libs\/gsap\/3.11.5\/ScrollTrigger.min.js\"><\/script>\r\n<script src=\"https:\/\/hollyland.oss-us-east-1.aliyuncs.com\/official-website\/v2\/aboutus\/bundle.js\"><\/script>\r\n\n<div class=\"aboutus-v2\">\r\n    <div class=\"aboutus-banner\">\r\n        <div class=\"aboutus-title\">\r\n            <h2>Quem somos<\/h2>\r\n            <p>Sobre a Hollyland<\/p>\r\n        <\/div>\r\n\r\n        <picture><source srcset=\"https:\/\/www.hollyland.com\/wp-content\/uploads\/2024\/02\/feature-pc.jpg\" media=\"(min-width: 767px)\"\/> <img decoding=\"async\" src=\"https:\/\/www.hollyland.com\/wp-content\/uploads\/2024\/02\/feature-pe.jpg\" alt=\"AboutUs\"\/><\/picture>\r\n\r\n        <div class=\"aboutus-content\">\r\n            <p>A Hollyland \u00e9 uma das marcas de tecnologia sem fio de crescimento mais r\u00e1pido no mercado global de produ\u00e7\u00e3o de conte\u00fado. A marca vem crescendo desde 2013 e j\u00e1 \u00e9 reconhecida como uma fornecedora l\u00edder de equipamentos sem fio de qualidade superior. A Hollyland cria, desenvolve, fabrica e distribui uma ampla gama de solu\u00e7\u00f5es sem fio de alto desempenho. O portf\u00f3lio de produtos inclui sistemas de transmiss\u00e3o de v\u00eddeo, c\u00e2meras, monitores, microfones sem fio e sistemas de intercomunica\u00e7\u00e3o sem fio que possuem design compacto, alta qualidade, desempenho confi\u00e1vel e acessibilidade. <br\/><br\/> As solu\u00e7\u00f5es e os produtos sem fio da Hollyland s\u00e3o amplamente usados em v\u00e1rios cen\u00e1rios de produ\u00e7\u00e3o de conte\u00fado, como produ\u00e7\u00f5es em est\u00fadio, produ\u00e7\u00f5es no local, no mercado religioso, em videoconfer\u00eancias e muito mais. Em geral, os clientes s\u00e3o fot\u00f3grafos, emissoras, vloggers, influenciadores, gamers, equipes e companhias de produ\u00e7\u00e3o de v\u00eddeo profissional e empresas de aluguel de produtos de produ\u00e7\u00e3o, entre outros. <br\/><br\/> A equipe de vendas e os engenheiros t\u00e9cnicos da Hollyland, altos conhecedores do mercado e dos produtos, podem trabalhar com seu revendedor local ou regional para oferecer a melhor solu\u00e7\u00e3o poss\u00edvel para voc\u00ea, seja um produto de transmiss\u00e3o de v\u00eddeo sem fio para uma equipe de produ\u00e7\u00e3o de pequeno porte ou um sistema de intercomunica\u00e7\u00e3o sem fio para uma equipe de produ\u00e7\u00e3o de m\u00e9dio a grande porte.<\/p>\r\n\r\n            <div class=\"srcoll-bg\"><\/div>\r\n        <\/div>\r\n    <\/div>\r\n\r\n    <div class=\"aboutus-made\">\r\n        <div class=\"aboutus-made-title\">\r\n            <h2>Feito para Inspirar<\/h2>\r\n            <p>&quot;Feito para Inspirar&quot; \u00e9 o slogan da marca Hollyland, representando o nosso compromisso de criar produtos e servi\u00e7os inovadores que inspiram criadores de conte\u00fado a elaborar e entregar materiais de alta qualidade. <br\/><br\/> \u00c9 a verdadeira ess\u00eancia desses produtos e servi\u00e7os que ter\u00e1 um efeito positivo em quem os utiliza diariamente. Ao fornecer produtos sem fio incr\u00edveis para a ind\u00fastria de cria\u00e7\u00e3o de conte\u00fado, a Hollyland pretende desencadear novas possibilidades no mundo da cria\u00e7\u00e3o de conte\u00fado e inspirar criadores de conte\u00fado a compartilhar suas vis\u00f5es com o mundo.<\/p>\r\n        <\/div>\r\n        <div class=\"aboutus-made-content\">\r\n            <div class=\"content-item\">\r\n                <h4>Miss\u00e3o<\/h4>\r\n                <p>Facilitar infinitamente a grava\u00e7\u00e3o.<\/p>\r\n            <\/div>\r\n            <div class=\"content-item\">\r\n                <h4>Vis\u00e3o<\/h4>\r\n                <p>Liderar o desenvolvimento da ind\u00fastria e ser uma empresa respeitada.<\/p>\r\n            <\/div>\r\n            <div class=\"content-item\">\r\n                <h4>&quot;Liderar&quot; o desenvolvimento da ind\u00fastria.<\/h4>\r\n                <p>Promover o desenvolvimento da ind\u00fastria \u00e9 nossa responsabilidade. Buscamos explorar as tend\u00eancias da ind\u00fastria. Ser benchmark da ind\u00fastria \u00e9 nossa ambi\u00e7\u00e3o.<\/p>\r\n            <\/div>\r\n            <div class=\"content-item\">\r\n                <h4>Ser uma empresa &quot;respeitada&quot;.<\/h4>\r\n                <p>Ter o respeito dos usu\u00e1rios por criar valor. Ter a confian\u00e7a de parceiros e o respeito por conquistar benef\u00edcios m\u00fatuos. Ser reconhecida pelos funcion\u00e1rios e respeitada pelas outras pessoas por realizar seus sonhos.<\/p>\r\n            <\/div>\r\n        <\/div>\r\n        <picture><source srcset=\"https:\/\/www.hollyland.com\/wp-content\/uploads\/2024\/02\/vision.png\" media=\"(min-width: 767px)\"\/> <img decoding=\"async\" class=\"aboutus-made-image\" src=\"https:\/\/www.hollyland.com\/wp-content\/uploads\/2024\/02\/vision-pe.png\" alt=\"AboutUs\"\/><\/picture>\r\n    <\/div>\r\n\r\n    <div class=\"aboutus-values\">\r\n        <h2>Nossos valores<\/h2>\r\n        <div class=\"aboutus-values-list\">\r\n            <div class=\"values-item\"><img decoding=\"async\" src=\"https:\/\/www.hollyland.com\/wp-content\/uploads\/2024\/02\/Customer-Centric-1.png\" alt=\"\"\/><h4>Centrados no cliente<\/h4>\r\n                <p>Colocamos os clientes no centro de tudo que fazemos. Ouvimos e focamos em suas necessidades e experi\u00eancias, com aten\u00e7\u00e3o aos detalhes.<\/p>\r\n            <\/div>\r\n            <div class=\"values-item\"><img decoding=\"async\" src=\"https:\/\/www.hollyland.com\/wp-content\/uploads\/2024\/02\/Diligence-1.png\" alt=\"\"\/><h4>Empenho<\/h4>\r\n                <p>Implementamos miss\u00f5es e alcan\u00e7amos objetivos atrav\u00e9s de trabalho \u00e1rduo e empenho.<\/p>\r\n            <\/div>\r\n            <div class=\"values-item\"><img decoding=\"async\" src=\"https:\/\/www.hollyland.com\/wp-content\/uploads\/2024\/02\/Customer-Centric-3.png\" alt=\"\"\/><h4>Inova\u00e7\u00e3o e profissionalismo<\/h4>\r\n                <p>Buscamos a excel\u00eancia com enorme paix\u00e3o, engenhosidade e perseveran\u00e7a.<\/p>\r\n            <\/div>\r\n            <div class=\"values-item\"><img decoding=\"async\" src=\"https:\/\/www.hollyland.com\/wp-content\/uploads\/2024\/02\/Customer-Centric-4.png\" alt=\"\"\/><h4>Abertura<\/h4>\r\n                <p>Continuamos aprendendo e estamos abertos \u00e0 diversidade e a v\u00e1rias ideias<\/p>\r\n            <\/div>\r\n            <div class=\"values-item\"><img decoding=\"async\" src=\"https:\/\/www.hollyland.com\/wp-content\/uploads\/2024\/02\/Customer-Centric-5.png\" alt=\"\"\/><h4>Confian\u00e7a<\/h4>\r\n                <p>Conquistamos confian\u00e7a por meio da honestidade, integridade e responsabilidade.<\/p>\r\n            <\/div>\r\n            <div class=\"values-item\"><img decoding=\"async\" src=\"https:\/\/www.hollyland.com\/wp-content\/uploads\/2024\/02\/Customer-Centric-6.png\" alt=\"\"\/><h4>Compartilhamento<\/h4>\r\n                <p>Quanto mais compartilhamos, mais temos.<\/p>\r\n            <\/div>\r\n        <\/div>\r\n    <\/div>\r\n\r\n    <div class=\"aboutus-history\">\r\n        <h2>Nossa hist\u00f3ria<\/h2>\r\n        <div class=\"progress-container\">\r\n            <div class=\"progress-line\"><\/div>\r\n            <div class=\"progress-list\">\r\n                <div class=\"progress-item active\">2013<\/div>\r\n                <div class=\"progress-item\">2014<\/div>\r\n                <div class=\"progress-item\">2015<\/div>\r\n                <div class=\"progress-item\">2016<\/div>\r\n                <div class=\"progress-item\">2017<\/div>\r\n                <div class=\"progress-item\">2018<\/div>\r\n                <div class=\"progress-item\">2019<\/div>\r\n                <div class=\"progress-item\">2020<\/div>\r\n                <div class=\"progress-item\">2021<\/div>\r\n                <div class=\"progress-item\">2022<\/div>\r\n                <div class=\"progress-item\">2023<\/div>\r\n            <\/div>\r\n        <\/div>\r\n\r\n        <div class=\"swiper swiper-history\">\r\n            <div class=\"swiper-wrapper\">\r\n                <div class=\"swiper-slide\">\r\n                    <picture><img decoding=\"async\" src=\"https:\/\/www.hollyland.com\/wp-content\/uploads\/2024\/02\/history2013.jpg\" alt=\"\"\/><\/picture>\r\n\r\n                    <div class=\"slide-content\">\r\n                        <h4>In\u00edcio da Hollyland<\/h4>\r\n                        <p>Fundada em Shenzhen.<\/p>\r\n                    <\/div>\r\n                <\/div>\r\n                <div class=\"swiper-slide\">\r\n                    <picture><img decoding=\"async\" src=\"https:\/\/www.hollyland.com\/wp-content\/uploads\/2024\/02\/history2014.jpg\" alt=\"\"\/><\/picture>\r\n\r\n                    <div class=\"slide-content\">\r\n                        <h4>Cosmo 1000<\/h4>\r\n                        <p>Lan\u00e7amos o primeiro produto de desenvolvimento pr\u00f3prio de transmiss\u00e3o de v\u00eddeo sem fio de longo alcance com n\u00edvel de radiodifus\u00e3o comercial, o Cosmo 1000.<\/p>\r\n                    <\/div>\r\n                <\/div>\r\n                <div class=\"swiper-slide\">\r\n                    <picture><img decoding=\"async\" src=\"https:\/\/www.hollyland.com\/wp-content\/uploads\/2024\/02\/history2015.jpg\" alt=\"\"\/><\/picture>\r\n\r\n                    <div class=\"slide-content\">\r\n                        <h4>OEM e Cosmo 400<\/h4>\r\n                        <p>A Hollyland recebeu o pr\u00eamio CE Pro Best. <br\/><br\/> Lan\u00e7amos o produto de transmiss\u00e3o de v\u00eddeo de curto alcance HD sem fio, o Cosmo 400.<\/p>\r\n                    <\/div>\r\n                <\/div>\r\n                <div class=\"swiper-slide\">\r\n                    <picture><img decoding=\"async\" src=\"https:\/\/www.hollyland.com\/wp-content\/uploads\/2024\/02\/history2016.jpg\" alt=\"\"\/><\/picture>\r\n\r\n                    <div class=\"slide-content\">\r\n                        <h4>NAB e IBC<\/h4>\r\n                        <p>A Hollyland expandiu sua atua\u00e7\u00e3o para o mercado global.<br\/><br\/>A marca demonstrou produtos de desenvolvimento pr\u00f3prio nas feiras NAB e IBC, ganhando ampla aten\u00e7\u00e3o.<\/p>\r\n                    <\/div>\r\n                <\/div>\r\n                <div class=\"swiper-slide\">\r\n                    <picture><img decoding=\"async\" src=\"https:\/\/www.hollyland.com\/wp-content\/uploads\/2024\/02\/history2017.jpg\" alt=\"\"\/><\/picture>\r\n\r\n                    <div class=\"slide-content\">\r\n                        <h4>Marca global<\/h4>\r\n                        <p>A Hollyland implementou uma estrat\u00e9gia de marketing global da marca.<br\/><br\/>A Hollyland lan\u00e7ou o produto de transmiss\u00e3o de v\u00eddeo sem fio profissional com atraso zero, o Cosmo 2000, que tinha otimiza\u00e7\u00e3o de software incorporada para uso com a c\u00e2mera ALEXA Mini da ARRI.<\/p>\r\n                    <\/div>\r\n                <\/div>\r\n                <div class=\"swiper-slide\">\r\n                    <picture><img decoding=\"async\" src=\"https:\/\/www.hollyland.com\/wp-content\/uploads\/2024\/02\/history2018.jpg\" alt=\"\"\/><\/picture>\r\n\r\n                    <div class=\"slide-content\">\r\n                        <h4>Transmiss\u00e3o de v\u00eddeo leve<\/h4>\r\n                        <p>O primeiro produto leve de transmiss\u00e3o de v\u00eddeo sem fio voltado para consumidores, o Mars 300, foi lan\u00e7ado, revolucionando a ind\u00fastria com seu projeto leve e recursos de baixa lat\u00eancia. Seu imediato sucesso no mercado dom\u00e9stico marcou o come\u00e7o de uma nova era na tecnologia de transmiss\u00e3o de v\u00eddeo.<\/p>\r\n                    <\/div>\r\n                <\/div>\r\n                <div class=\"swiper-slide\">\r\n                    <picture><img decoding=\"async\" src=\"https:\/\/www.hollyland.com\/wp-content\/uploads\/2024\/02\/history2019.jpg\" alt=\"\"\/><\/picture>\r\n\r\n                    <div class=\"slide-content\">\r\n                        <h4>Maior participa\u00e7\u00e3o no mercado<\/h4>\r\n                        <p>Alcan\u00e7amos a maior participa\u00e7\u00e3o no mercado de transmiss\u00e3o de v\u00eddeo na China.<br\/><br\/> A Hollyland lan\u00e7ou o primeiro sistema de intercomunica\u00e7\u00e3o sem fio full-duplex voltado para consumidores, o Mars T1000.<\/p>\r\n                    <\/div>\r\n                <\/div>\r\n                <div class=\"swiper-slide\">\r\n                    <picture><img decoding=\"async\" src=\"https:\/\/www.hollyland.com\/wp-content\/uploads\/2024\/02\/history2020.jpg\" alt=\"\"\/><\/picture>\r\n\r\n                    <div class=\"slide-content\">\r\n                        <h4>Lark 150 port\u00e1til com estojo de carregamento<\/h4>\r\n                        <p>A Hollyland lan\u00e7ou o primeiro microfone sem fio port\u00e1til, o Lark 150, com um exclusivo projeto de estojo de carregamento de tamanho reduzido.<\/p>\r\n                    <\/div>\r\n                <\/div>\r\n                <div class=\"swiper-slide\">\r\n                    <picture><img decoding=\"async\" src=\"https:\/\/www.hollyland.com\/wp-content\/uploads\/2024\/02\/history2021.jpg\" alt=\"\"\/><\/picture>\r\n\r\n                    <div class=\"slide-content\">\r\n                        <h4>HEVO de lat\u00eancia ultrabaixa<\/h4>\r\n                        <p>A Hollyland lan\u00e7ou o Cosmo C1 com tecnologia de desenvolvimento pr\u00f3prio de transmiss\u00e3o sem fio HEVO de lat\u00eancia ultrabaixa. <br\/><br\/> Os microfones da s\u00e9rie Lark da Hollyland tornaram-se a marca de microfones sem fio mais popular na China.<\/p>\r\n                    <\/div>\r\n                <\/div>\r\n                <div class=\"swiper-slide\">\r\n                    <picture><img decoding=\"async\" src=\"https:\/\/www.hollyland.com\/wp-content\/uploads\/2024\/02\/history2022.jpg\" alt=\"\"\/><\/picture>\r\n\r\n                    <div class=\"slide-content\">\r\n                        <h4>Reconhecimento global<\/h4>\r\n                        <p>Ganhadora do pr\u00eamio Reddot Design 2022 (Lark 150 e Cosmo C1).<br\/><br\/> Pr\u00eamio PRONEWS: Pr\u00eamio Gold 2022 (Solidcom C1).<br\/><br\/> Os microfones da s\u00e9rie Lark da Hollyland ganharam reconhecimento global e se tornaram microfones sem fio populares.<\/p>\r\n                    <\/div>\r\n                <\/div>\r\n                <div class=\"swiper-slide\">\r\n                    <picture><img decoding=\"async\" src=\"https:\/\/www.hollyland.com\/wp-content\/uploads\/2024\/02\/history2023.jpg\" alt=\"\"\/><\/picture>\r\n\r\n                    <div class=\"slide-content\">\r\n                        <h4>10\u00ba anivers\u00e1rio<\/h4>\r\n                        <p>Realizou o grande evento 912 Brand Day com o slogan &quot;N\u00f3s conectamos&quot;. <br\/><br\/> A Hollyland lan\u00e7ou um microfone sem fio de alta qualidade com a tecnologia pioneira na ind\u00fastria MaxTimbre Mic e a avan\u00e7ada tecnologia ENC, o LARK MAX.<br\/><br\/>A Hollyland lan\u00e7ou o microfone sem fio ultracompacto do tamanho de um bot\u00e3o, o LARK M2.<\/p>\r\n                    <\/div>\r\n                <\/div>\r\n            <\/div>\r\n        <\/div>\r\n    <\/div>\r\n\r\n    <div class=\"aboutus-sales\">\r\n        <h2>Nossa rede de vendas<\/h2>\r\n        <div class=\"aboutus-sales-data\"><img decoding=\"async\" src=\"https:\/\/www.hollyland.com\/wp-content\/uploads\/2024\/02\/map.png\" alt=\"map\"\/><div class=\"aboutus-sales-list\">\r\n                <div class=\"aboutus-sales-item\">\r\n                    <h4>1000+<\/h4>\r\n                    <p>Revendedores globais<\/p>\r\n                <\/div>\r\n                <div class=\"aboutus-sales-item\">\r\n                    <h4>200+<\/h4>\r\n                    <p>Am\u00e9rica do Norte<\/p>\r\n                <\/div>\r\n                <div class=\"aboutus-sales-item\">\r\n                    <h4>500+<\/h4>\r\n                    <p>\u00c1sia Pac\u00edfico<\/p>\r\n                <\/div>\r\n                <div class=\"aboutus-sales-item\">\r\n                    <h4>200+<\/h4>\r\n                    <p>Europa<\/p>\r\n                <\/div>\r\n                <div class=\"aboutus-sales-item\">\r\n                    <h4>100+<\/h4>\r\n                    <p>Am\u00e9rica do Sul<\/p>\r\n                <\/div>\r\n                <div class=\"aboutus-sales-item\">\r\n                    <h4>50+<\/h4>\r\n                    <p>Outros<\/p>\r\n                <\/div>\r\n                <div class=\"aboutus-sales-line\"><\/div>\r\n                <div class=\"aboutus-sales-item\">\r\n                    <h4>90+<\/h4>\r\n                    <p>Pa\u00edses\/regi\u00f5es<\/p>\r\n                <\/div>\r\n            <\/div>\r\n        <\/div>\r\n    <\/div>\r\n\r\n    <div class=\"aboutus-presence\">\r\n        <h2>Nossa presen\u00e7a em feiras globais<\/h2><a class=\"event-link\" href=\"https:\/\/www.hollyland.com\/offline-events\" data-lasso-id=\"2356\"><span>Conhe\u00e7a outras feiras<\/span><img decoding=\"async\" src=\"https:\/\/www.hollyland.com\/wp-content\/uploads\/2024\/02\/arrow-right.svg\" alt=\"learn more\"\/><\/a><div class=\"swiper swiper-presence\">\r\n            <div class=\"swiper-wrapper\">\r\n                <div class=\"swiper-slide\"><img decoding=\"async\" src=\"https:\/\/www.hollyland.com\/wp-content\/uploads\/2024\/02\/Rectangle-2267.png\" alt=\"\"\/><\/div>\r\n                <div class=\"swiper-slide\"><img decoding=\"async\" src=\"https:\/\/www.hollyland.com\/wp-content\/uploads\/2024\/02\/Rectangle-2265.png\" alt=\"\"\/><\/div>\r\n                <div class=\"swiper-slide\"><img decoding=\"async\" src=\"https:\/\/www.hollyland.com\/wp-content\/uploads\/2024\/02\/Rectangle-2266.png\" alt=\"\"\/><\/div>\r\n                <div class=\"swiper-slide\"><img decoding=\"async\" src=\"https:\/\/www.hollyland.com\/wp-content\/uploads\/2024\/02\/Rectangle-2268.png\" alt=\"\"\/><\/div>\r\n            <\/div>\r\n            <div class=\"swiper-pagination\"><\/div>\r\n\r\n            <div class=\"swiper-button-prev\"><\/div>\r\n            <div class=\"swiper-button-next\"><\/div>\r\n        <\/div>\r\n    <\/div>\r\n\r\n    <div class=\"aboutus-media\">\r\n        <h2>Media Partners<\/h2>\r\n        <div class=\"aboutus-media-list\">\r\n            <div class=\"aboutus-media-item\"><img decoding=\"async\" src=\"https:\/\/www.hollyland.com\/wp-content\/uploads\/2024\/02\/NoFilmSchool-1.png\" alt=\"\"\/><\/div>\r\n            <div class=\"aboutus-media-item\"><img decoding=\"async\" src=\"https:\/\/www.hollyland.com\/wp-content\/uploads\/2024\/02\/Newsshooter-1.png\" alt=\"\"\/><\/div>\r\n            <div class=\"aboutus-media-item\"><img decoding=\"async\" src=\"https:\/\/www.hollyland.com\/wp-content\/uploads\/2024\/02\/CineD-1.png\" alt=\"\"\/><\/div>\r\n            <div class=\"aboutus-media-item\"><img decoding=\"async\" src=\"https:\/\/www.hollyland.com\/wp-content\/uploads\/2024\/02\/panoramaaudiovisual-1.png\" alt=\"\"\/><\/div>\r\n            <div class=\"aboutus-media-item\"><img decoding=\"async\" src=\"https:\/\/www.hollyland.com\/wp-content\/uploads\/2024\/02\/Redshark-News-1.png\" alt=\"\"\/><\/div>\r\n            <div class=\"aboutus-media-item\"><img decoding=\"async\" src=\"https:\/\/www.hollyland.com\/wp-content\/uploads\/2024\/02\/camerajabber-1.png\" alt=\"\"\/><\/div>\r\n            <div class=\"aboutus-media-item\"><img decoding=\"async\" src=\"https:\/\/www.hollyland.com\/wp-content\/uploads\/2024\/02\/Church-Production-1.png\" alt=\"\"\/><\/div>\r\n            <div class=\"aboutus-media-item\"><img decoding=\"async\" src=\"https:\/\/www.hollyland.com\/wp-content\/uploads\/2024\/02\/churchsetup-1.png\" alt=\"\"\/><\/div>\r\n            <div class=\"aboutus-media-item\"><img decoding=\"async\" src=\"https:\/\/www.hollyland.com\/wp-content\/uploads\/2024\/02\/digitalkamera-1.png\" alt=\"\"\/><\/div>\r\n            <div class=\"aboutus-media-item\"><img decoding=\"async\" src=\"https:\/\/www.hollyland.com\/wp-content\/uploads\/2024\/02\/tudocelular-1.png\" alt=\"\"\/><\/div>\r\n            <div class=\"aboutus-media-item\"><img decoding=\"async\" src=\"https:\/\/www.hollyland.com\/wp-content\/uploads\/2024\/02\/Chinahandys-1.png\" alt=\"\"\/><\/div>\r\n            <div class=\"aboutus-media-item\"><img decoding=\"async\" src=\"https:\/\/www.hollyland.com\/wp-content\/uploads\/2024\/02\/Photar-1.png\" alt=\"\"\/><\/div>\r\n            <div class=\"aboutus-media-item\"><img decoding=\"async\" src=\"https:\/\/www.hollyland.com\/wp-content\/uploads\/2024\/02\/PhotoWebExpo-1.png\" alt=\"\"\/><\/div>\r\n            <div class=\"aboutus-media-item\"><img decoding=\"async\" src=\"https:\/\/www.hollyland.com\/wp-content\/uploads\/2024\/02\/Think-Computers-1.png\" alt=\"\"\/><\/div>\r\n            <div class=\"aboutus-media-item\"><img decoding=\"async\" src=\"https:\/\/www.hollyland.com\/wp-content\/uploads\/2024\/02\/Igeekphone-1.png\" alt=\"\"\/><\/div>\r\n            <div class=\"aboutus-media-item\"><img decoding=\"async\" src=\"https:\/\/www.hollyland.com\/wp-content\/uploads\/2024\/02\/tecnoiglesia-1.png\" alt=\"\"\/><\/div>\r\n        <\/div>\r\n    <\/div>\r\n<\/div>\n","protected":false},"excerpt":{"rendered":"<p>Quem somos Sobre a Hollyland A Hollyland \u00e9 uma das marcas de tecnologia sem fio de crescimento mais r\u00e1pido no mercado global de produ\u00e7\u00e3o de conte\u00fado. A marca vem crescendo desde 2013 e j\u00e1 \u00e9 reconhecida como uma fornecedora l\u00edder de equipamentos sem fio de qualidade superior. A Hollyland cria, desenvolve, fabrica e distribui uma<\/p>\n","protected":false},"author":1,"featured_media":0,"parent":0,"menu_order":0,"comment_status":"closed","ping_status":"closed","template":"elementor_header_footer","meta":{"_acf_changed":false,"_seopress_robots_primary_cat":"","_seopress_titles_title":"","_seopress_titles_desc":"","_seopress_robots_index":"","_eb_attr":"","footnotes":""},"class_list":["post-171376","page","type-page","status-publish","hentry"],"acf":[],"_links":{"self":[{"href":"https:\/\/www.hollyland.com\/pt-br\/wp-json\/wp\/v2\/pages\/171376","targetHints":{"allow":["GET"]}}],"collection":[{"href":"https:\/\/www.hollyland.com\/pt-br\/wp-json\/wp\/v2\/pages"}],"about":[{"href":"https:\/\/www.hollyland.com\/pt-br\/wp-json\/wp\/v2\/types\/page"}],"author":[{"embeddable":true,"href":"https:\/\/www.hollyland.com\/pt-br\/wp-json\/wp\/v2\/users\/1"}],"replies":[{"embeddable":true,"href":"https:\/\/www.hollyland.com\/pt-br\/wp-json\/wp\/v2\/comments?post=171376"}],"version-history":[{"count":1,"href":"https:\/\/www.hollyland.com\/pt-br\/wp-json\/wp\/v2\/pages\/171376\/revisions"}],"predecessor-version":[{"id":171377,"href":"https:\/\/www.hollyland.com\/pt-br\/wp-json\/wp\/v2\/pages\/171376\/revisions\/171377"}],"wp:attachment":[{"href":"https:\/\/www.hollyland.com\/pt-br\/wp-json\/wp\/v2\/media?parent=171376"}],"curies":[{"name":"wp","href":"https:\/\/api.w.org\/{rel}","templated":true}]}}